{"id":124,"date":"2023-10-03T14:49:03","date_gmt":"2023-10-03T12:49:03","guid":{"rendered":"https:\/\/www.hennart-fr.com\/impressum\/"},"modified":"2024-04-25T12:16:28","modified_gmt":"2024-04-25T10:16:28","slug":"impressum","status":"publish","type":"page","link":"https:\/\/www.hennart-fr.com\/de\/impressum\/","title":{"rendered":"Impressum"},"content":{"rendered":"\n<h2 class=\"wp-block-heading\">Editor<\/h2>\n\n<p>SAS HENNART FRERES<br\/>Z I du CHATEAU &#8211; Rue GUTEMBERG<br\/>62 213 CARVIN CEDEX<br\/>Tel: 03 21 74 82 01 &#8211; Fax: 03 21 74 82 09<br\/>SIRET: 318 166 352 000 27<br\/>SARL mit 531.123 Euro Kapital<br\/>CEO: Eric HENNART<\/p>\n\n<h2 class=\"wp-block-heading\">Hosting<\/h2>\n\n<p>Die Website wird von der Firma OVH gehostet.<br\/>SAS mit 10.000.000 \u20ac Kapital<br\/>RCS Roubaix &#8211; Tourcoing 424 761 419 00045<br\/>cpde APE 6202A<br\/>TVA Nummer : FR 22 424 761 419<br\/>Hauptquartier: 2 rue Kellermann &#8211; 59 100 Roubaix &#8211; France<\/p>\n\n<h2 class=\"wp-block-heading\">CNIL-Erkl\u00e4rung<\/h2>\n\n<p>In Anwendung des Gesetzes Nr. 78-17 vom 6. Januar 1978 \u00fcber Datenverarbeitung, Dateien und Freiheiten ist die Website hennart-fr.com bei der Nationalen Kommission f\u00fcr Informationstechnologie und Freiheiten (CNIL) gem\u00e4\u00df der vereinfachten Erkl\u00e4rung Nr. registriert. 48 unter der Bitte um Stellungnahme Nr. 1234505.<\/p>\n\n<p>Sie k\u00f6nnen die Website der CNIL zu diesem Thema besuchen: www.cnil.fr<\/p>\n\n<h2 class=\"wp-block-heading\">Zugangs- und \u00c4nderungsrecht<\/h2>\n\n<p>Gem\u00e4\u00df den Artikeln 39 ff. des Gesetzes Nr. 78-17 vom 6. Januar 1978 \u00fcber Datenverarbeitung, Dateien und Freiheiten kann jede Person eine Mitteilung und gegebenenfalls eine Berichtigung oder L\u00f6schung der sie betreffenden Informationen per E-Mail erhalten Mail an:<\/p>\n\n<p>SAS HENNART FRERES<br\/>Z I du CHATEAU &#8211; Rue GUTEMBERG<br\/>62 213 CARVIN CEDEX<\/p>\n","protected":false},"excerpt":{"rendered":"<p>Editor SAS HENNART FRERESZ I du CHATEAU &#8211; Rue GUTEMBERG62 213 CARVIN CEDEXTel: 03 21 74 82 01 &#8211; Fax: 03 21 74 82 09SIRET: 318 166 352 000 27SARL mit 531.123 Euro KapitalCEO: Eric HENNART Hosting Die Website wird von der Firma OVH gehostet.SAS mit 10.000.000 \u20ac KapitalRCS Roubaix &#8211; Tourcoing 424 761 419<a href=\"https:\/\/www.hennart-fr.com\/de\/impressum\/\">Continue reading <span class=\"sr-only\">&#8222;Impressum&#8220;<\/span><\/a><\/p>\n","protected":false},"author":1,"featured_media":0,"parent":0,"menu_order":0,"comment_status":"closed","ping_status":"closed","template":"","meta":{"footnotes":""},"class_list":["post-124","page","type-page","status-publish","hentry"],"yoast_head":"<!-- This site is optimized with the Yoast SEO plugin v25.4 - https:\/\/yoast.com\/wordpress\/plugins\/seo\/ -->\n<title>Impressum - Hennart<\/title>\n<meta name=\"robots\" content=\"index, follow, max-snippet:-1, max-image-preview:large, max-video-preview:-1\" \/>\n<link rel=\"canonical\" href=\"https:\/\/www.hennart-fr.com\/de\/impressum\/\" \/>\n<meta property=\"og:locale\" content=\"de_DE\" \/>\n<meta property=\"og:type\" content=\"article\" \/>\n<meta property=\"og:title\" content=\"Impressum - Hennart\" \/>\n<meta property=\"og:description\" content=\"Editor SAS HENNART FRERESZ I du CHATEAU &#8211; Rue GUTEMBERG62 213 CARVIN CEDEXTel: 03 21 74 82 01 &#8211; Fax: 03 21 74 82 09SIRET: 318 166 352 000 27SARL mit 531.123 Euro KapitalCEO: Eric HENNART Hosting Die Website wird von der Firma OVH gehostet.SAS mit 10.000.000 \u20ac KapitalRCS Roubaix &#8211; Tourcoing 424 761 419Continue reading &quot;Impressum&quot;\" \/>\n<meta property=\"og:url\" content=\"https:\/\/www.hennart-fr.com\/de\/impressum\/\" \/>\n<meta property=\"og:site_name\" content=\"Hennart\" \/>\n<meta property=\"article:modified_time\" content=\"2024-04-25T10:16:28+00:00\" \/>\n<meta name=\"twitter:card\" content=\"summary_large_image\" \/>\n<meta name=\"twitter:label1\" content=\"Gesch\u00e4tzte Lesezeit\" \/>\n\t<meta name=\"twitter:data1\" content=\"1\u00a0Minute\" \/>\n<script type=\"application\/ld+json\" class=\"yoast-schema-graph\">{\"@context\":\"https:\/\/schema.org\",\"@graph\":[{\"@type\":\"WebPage\",\"@id\":\"https:\/\/www.hennart-fr.com\/de\/impressum\/\",\"url\":\"https:\/\/www.hennart-fr.com\/de\/impressum\/\",\"name\":\"Impressum - Hennart\",\"isPartOf\":{\"@id\":\"https:\/\/www.hennart-fr.com\/de\/#website\"},\"datePublished\":\"2023-10-03T12:49:03+00:00\",\"dateModified\":\"2024-04-25T10:16:28+00:00\",\"breadcrumb\":{\"@id\":\"https:\/\/www.hennart-fr.com\/de\/impressum\/#breadcrumb\"},\"inLanguage\":\"de\",\"potentialAction\":[{\"@type\":\"ReadAction\",\"target\":[\"https:\/\/www.hennart-fr.com\/de\/impressum\/\"]}]},{\"@type\":\"BreadcrumbList\",\"@id\":\"https:\/\/www.hennart-fr.com\/de\/impressum\/#breadcrumb\",\"itemListElement\":[{\"@type\":\"ListItem\",\"position\":1,\"name\":\"Accueil\",\"item\":\"https:\/\/www.hennart-fr.com\/de\/homepage-de\/\"},{\"@type\":\"ListItem\",\"position\":2,\"name\":\"Impressum\"}]},{\"@type\":\"WebSite\",\"@id\":\"https:\/\/www.hennart-fr.com\/de\/#website\",\"url\":\"https:\/\/www.hennart-fr.com\/de\/\",\"name\":\"Hennart\",\"description\":\"D\u00e9couvrir tous nos fromages fermiers au lait cru\",\"publisher\":{\"@id\":\"https:\/\/www.hennart-fr.com\/de\/#organization\"},\"potentialAction\":[{\"@type\":\"SearchAction\",\"target\":{\"@type\":\"EntryPoint\",\"urlTemplate\":\"https:\/\/www.hennart-fr.com\/de\/?s={search_term_string}\"},\"query-input\":{\"@type\":\"PropertyValueSpecification\",\"valueRequired\":true,\"valueName\":\"search_term_string\"}}],\"inLanguage\":\"de\"},{\"@type\":\"Organization\",\"@id\":\"https:\/\/www.hennart-fr.com\/de\/#organization\",\"name\":\"Hennart\",\"url\":\"https:\/\/www.hennart-fr.com\/de\/\",\"logo\":{\"@type\":\"ImageObject\",\"inLanguage\":\"de\",\"@id\":\"https:\/\/www.hennart-fr.com\/de\/#\/schema\/logo\/image\/\",\"url\":\"https:\/\/www.hennart-fr.com\/wp-content\/uploads\/2024\/04\/logo-hennart.png\",\"contentUrl\":\"https:\/\/www.hennart-fr.com\/wp-content\/uploads\/2024\/04\/logo-hennart.png\",\"width\":600,\"height\":404,\"caption\":\"Hennart\"},\"image\":{\"@id\":\"https:\/\/www.hennart-fr.com\/de\/#\/schema\/logo\/image\/\"}}]}<\/script>\n<!-- \/ Yoast SEO plugin. -->","yoast_head_json":{"title":"Impressum - Hennart","robots":{"index":"index","follow":"follow","max-snippet":"max-snippet:-1","max-image-preview":"max-image-preview:large","max-video-preview":"max-video-preview:-1"},"canonical":"https:\/\/www.hennart-fr.com\/de\/impressum\/","og_locale":"de_DE","og_type":"article","og_title":"Impressum - Hennart","og_description":"Editor SAS HENNART FRERESZ I du CHATEAU &#8211; Rue GUTEMBERG62 213 CARVIN CEDEXTel: 03 21 74 82 01 &#8211; Fax: 03 21 74 82 09SIRET: 318 166 352 000 27SARL mit 531.123 Euro KapitalCEO: Eric HENNART Hosting Die Website wird von der Firma OVH gehostet.SAS mit 10.000.000 \u20ac KapitalRCS Roubaix &#8211; Tourcoing 424 761 419Continue reading \"Impressum\"","og_url":"https:\/\/www.hennart-fr.com\/de\/impressum\/","og_site_name":"Hennart","article_modified_time":"2024-04-25T10:16:28+00:00","twitter_card":"summary_large_image","twitter_misc":{"Gesch\u00e4tzte Lesezeit":"1\u00a0Minute"},"schema":{"@context":"https:\/\/schema.org","@graph":[{"@type":"WebPage","@id":"https:\/\/www.hennart-fr.com\/de\/impressum\/","url":"https:\/\/www.hennart-fr.com\/de\/impressum\/","name":"Impressum - Hennart","isPartOf":{"@id":"https:\/\/www.hennart-fr.com\/de\/#website"},"datePublished":"2023-10-03T12:49:03+00:00","dateModified":"2024-04-25T10:16:28+00:00","breadcrumb":{"@id":"https:\/\/www.hennart-fr.com\/de\/impressum\/#breadcrumb"},"inLanguage":"de","potentialAction":[{"@type":"ReadAction","target":["https:\/\/www.hennart-fr.com\/de\/impressum\/"]}]},{"@type":"BreadcrumbList","@id":"https:\/\/www.hennart-fr.com\/de\/impressum\/#breadcrumb","itemListElement":[{"@type":"ListItem","position":1,"name":"Accueil","item":"https:\/\/www.hennart-fr.com\/de\/homepage-de\/"},{"@type":"ListItem","position":2,"name":"Impressum"}]},{"@type":"WebSite","@id":"https:\/\/www.hennart-fr.com\/de\/#website","url":"https:\/\/www.hennart-fr.com\/de\/","name":"Hennart","description":"D\u00e9couvrir tous nos fromages fermiers au lait cru","publisher":{"@id":"https:\/\/www.hennart-fr.com\/de\/#organization"},"potentialAction":[{"@type":"SearchAction","target":{"@type":"EntryPoint","urlTemplate":"https:\/\/www.hennart-fr.com\/de\/?s={search_term_string}"},"query-input":{"@type":"PropertyValueSpecification","valueRequired":true,"valueName":"search_term_string"}}],"inLanguage":"de"},{"@type":"Organization","@id":"https:\/\/www.hennart-fr.com\/de\/#organization","name":"Hennart","url":"https:\/\/www.hennart-fr.com\/de\/","logo":{"@type":"ImageObject","inLanguage":"de","@id":"https:\/\/www.hennart-fr.com\/de\/#\/schema\/logo\/image\/","url":"https:\/\/www.hennart-fr.com\/wp-content\/uploads\/2024\/04\/logo-hennart.png","contentUrl":"https:\/\/www.hennart-fr.com\/wp-content\/uploads\/2024\/04\/logo-hennart.png","width":600,"height":404,"caption":"Hennart"},"image":{"@id":"https:\/\/www.hennart-fr.com\/de\/#\/schema\/logo\/image\/"}}]}},"_links":{"self":[{"href":"https:\/\/www.hennart-fr.com\/de\/wp-json\/wp\/v2\/pages\/124","targetHints":{"allow":["GET"]}}],"collection":[{"href":"https:\/\/www.hennart-fr.com\/de\/wp-json\/wp\/v2\/pages"}],"about":[{"href":"https:\/\/www.hennart-fr.com\/de\/wp-json\/wp\/v2\/types\/page"}],"author":[{"embeddable":true,"href":"https:\/\/www.hennart-fr.com\/de\/wp-json\/wp\/v2\/users\/1"}],"replies":[{"embeddable":true,"href":"https:\/\/www.hennart-fr.com\/de\/wp-json\/wp\/v2\/comments?post=124"}],"version-history":[{"count":1,"href":"https:\/\/www.hennart-fr.com\/de\/wp-json\/wp\/v2\/pages\/124\/revisions"}],"predecessor-version":[{"id":125,"href":"https:\/\/www.hennart-fr.com\/de\/wp-json\/wp\/v2\/pages\/124\/revisions\/125"}],"wp:attachment":[{"href":"https:\/\/www.hennart-fr.com\/de\/wp-json\/wp\/v2\/media?parent=124"}],"curies":[{"name":"wp","href":"https:\/\/api.w.org\/{rel}","templated":true}]}}