{"id":119,"date":"2024-04-25T11:56:03","date_gmt":"2024-04-25T09:56:03","guid":{"rendered":"https:\/\/www.hennart-fr.com\/homepage-de\/"},"modified":"2024-04-25T12:05:47","modified_gmt":"2024-04-25T10:05:47","slug":"homepage-de","status":"publish","type":"page","link":"https:\/\/www.hennart-fr.com\/de\/","title":{"rendered":"Homepage"},"content":{"rendered":"","protected":false},"excerpt":{"rendered":"","protected":false},"author":1,"featured_media":0,"parent":0,"menu_order":0,"comment_status":"closed","ping_status":"closed","template":"","meta":{"footnotes":""},"class_list":["post-119","page","type-page","status-publish","hentry"],"yoast_head":"<!-- This site is optimized with the Yoast SEO plugin v25.4 - https:\/\/yoast.com\/wordpress\/plugins\/seo\/ -->\n<title>Hennart - Entdecken Sie alle unsere Rohmilchk\u00e4se vom Bauernhof<\/title>\n<meta name=\"description\" content=\"Handwerklicher K\u00e4sehersteller und Veredler seit \u00fcber 100 Jahren. Entdecken Sie unsere au\u00dfergew\u00f6hnlichen Produkte und werden Sie Wiederverk\u00e4ufer.\" \/>\n<meta name=\"robots\" content=\"index, follow, max-snippet:-1, max-image-preview:large, max-video-preview:-1\" \/>\n<link rel=\"canonical\" href=\"https:\/\/www.hennart-fr.com\/de\/\" \/>\n<meta property=\"og:locale\" content=\"de_DE\" \/>\n<meta property=\"og:type\" content=\"article\" \/>\n<meta property=\"og:title\" content=\"Hennart - Entdecken Sie alle unsere Rohmilchk\u00e4se vom Bauernhof\" \/>\n<meta property=\"og:description\" content=\"Handwerklicher K\u00e4sehersteller und Veredler seit \u00fcber 100 Jahren. Entdecken Sie unsere au\u00dfergew\u00f6hnlichen Produkte und werden Sie Wiederverk\u00e4ufer.\" \/>\n<meta property=\"og:url\" content=\"https:\/\/www.hennart-fr.com\/de\/\" \/>\n<meta property=\"og:site_name\" content=\"Hennart\" \/>\n<meta property=\"article:modified_time\" content=\"2024-04-25T10:05:47+00:00\" \/>\n<meta name=\"twitter:card\" content=\"summary_large_image\" \/>\n<script type=\"application\/ld+json\" class=\"yoast-schema-graph\">{\"@context\":\"https:\/\/schema.org\",\"@graph\":[{\"@type\":\"WebPage\",\"@id\":\"https:\/\/www.hennart-fr.com\/de\/\",\"url\":\"https:\/\/www.hennart-fr.com\/de\/\",\"name\":\"Hennart - Entdecken Sie alle unsere Rohmilchk\u00e4se vom Bauernhof\",\"isPartOf\":{\"@id\":\"https:\/\/www.hennart-fr.com\/de\/#website\"},\"datePublished\":\"2024-04-25T09:56:03+00:00\",\"dateModified\":\"2024-04-25T10:05:47+00:00\",\"description\":\"Handwerklicher K\u00e4sehersteller und Veredler seit \u00fcber 100 Jahren. Entdecken Sie unsere au\u00dfergew\u00f6hnlichen Produkte und werden Sie Wiederverk\u00e4ufer.\",\"breadcrumb\":{\"@id\":\"https:\/\/www.hennart-fr.com\/de\/#breadcrumb\"},\"inLanguage\":\"de\",\"potentialAction\":[{\"@type\":\"ReadAction\",\"target\":[\"https:\/\/www.hennart-fr.com\/de\/\"]}]},{\"@type\":\"BreadcrumbList\",\"@id\":\"https:\/\/www.hennart-fr.com\/de\/#breadcrumb\",\"itemListElement\":[{\"@type\":\"ListItem\",\"position\":1,\"name\":\"Accueil\",\"item\":\"https:\/\/www.hennart-fr.com\/de\/homepage-de\/\"},{\"@type\":\"ListItem\",\"position\":2,\"name\":\"Homepage\"}]},{\"@type\":\"WebSite\",\"@id\":\"https:\/\/www.hennart-fr.com\/de\/#website\",\"url\":\"https:\/\/www.hennart-fr.com\/de\/\",\"name\":\"Hennart\",\"description\":\"D\u00e9couvrir tous nos fromages fermiers au lait cru\",\"publisher\":{\"@id\":\"https:\/\/www.hennart-fr.com\/de\/#organization\"},\"potentialAction\":[{\"@type\":\"SearchAction\",\"target\":{\"@type\":\"EntryPoint\",\"urlTemplate\":\"https:\/\/www.hennart-fr.com\/de\/?s={search_term_string}\"},\"query-input\":{\"@type\":\"PropertyValueSpecification\",\"valueRequired\":true,\"valueName\":\"search_term_string\"}}],\"inLanguage\":\"de\"},{\"@type\":\"Organization\",\"@id\":\"https:\/\/www.hennart-fr.com\/de\/#organization\",\"name\":\"Hennart\",\"url\":\"https:\/\/www.hennart-fr.com\/de\/\",\"logo\":{\"@type\":\"ImageObject\",\"inLanguage\":\"de\",\"@id\":\"https:\/\/www.hennart-fr.com\/de\/#\/schema\/logo\/image\/\",\"url\":\"https:\/\/www.hennart-fr.com\/wp-content\/uploads\/2024\/04\/logo-hennart.png\",\"contentUrl\":\"https:\/\/www.hennart-fr.com\/wp-content\/uploads\/2024\/04\/logo-hennart.png\",\"width\":600,\"height\":404,\"caption\":\"Hennart\"},\"image\":{\"@id\":\"https:\/\/www.hennart-fr.com\/de\/#\/schema\/logo\/image\/\"}}]}<\/script>\n<!-- \/ Yoast SEO plugin. -->","yoast_head_json":{"title":"Hennart - Entdecken Sie alle unsere Rohmilchk\u00e4se vom Bauernhof","description":"Handwerklicher K\u00e4sehersteller und Veredler seit \u00fcber 100 Jahren. Entdecken Sie unsere au\u00dfergew\u00f6hnlichen Produkte und werden Sie Wiederverk\u00e4ufer.","robots":{"index":"index","follow":"follow","max-snippet":"max-snippet:-1","max-image-preview":"max-image-preview:large","max-video-preview":"max-video-preview:-1"},"canonical":"https:\/\/www.hennart-fr.com\/de\/","og_locale":"de_DE","og_type":"article","og_title":"Hennart - Entdecken Sie alle unsere Rohmilchk\u00e4se vom Bauernhof","og_description":"Handwerklicher K\u00e4sehersteller und Veredler seit \u00fcber 100 Jahren. Entdecken Sie unsere au\u00dfergew\u00f6hnlichen Produkte und werden Sie Wiederverk\u00e4ufer.","og_url":"https:\/\/www.hennart-fr.com\/de\/","og_site_name":"Hennart","article_modified_time":"2024-04-25T10:05:47+00:00","twitter_card":"summary_large_image","schema":{"@context":"https:\/\/schema.org","@graph":[{"@type":"WebPage","@id":"https:\/\/www.hennart-fr.com\/de\/","url":"https:\/\/www.hennart-fr.com\/de\/","name":"Hennart - Entdecken Sie alle unsere Rohmilchk\u00e4se vom Bauernhof","isPartOf":{"@id":"https:\/\/www.hennart-fr.com\/de\/#website"},"datePublished":"2024-04-25T09:56:03+00:00","dateModified":"2024-04-25T10:05:47+00:00","description":"Handwerklicher K\u00e4sehersteller und Veredler seit \u00fcber 100 Jahren. Entdecken Sie unsere au\u00dfergew\u00f6hnlichen Produkte und werden Sie Wiederverk\u00e4ufer.","breadcrumb":{"@id":"https:\/\/www.hennart-fr.com\/de\/#breadcrumb"},"inLanguage":"de","potentialAction":[{"@type":"ReadAction","target":["https:\/\/www.hennart-fr.com\/de\/"]}]},{"@type":"BreadcrumbList","@id":"https:\/\/www.hennart-fr.com\/de\/#breadcrumb","itemListElement":[{"@type":"ListItem","position":1,"name":"Accueil","item":"https:\/\/www.hennart-fr.com\/de\/homepage-de\/"},{"@type":"ListItem","position":2,"name":"Homepage"}]},{"@type":"WebSite","@id":"https:\/\/www.hennart-fr.com\/de\/#website","url":"https:\/\/www.hennart-fr.com\/de\/","name":"Hennart","description":"D\u00e9couvrir tous nos fromages fermiers au lait cru","publisher":{"@id":"https:\/\/www.hennart-fr.com\/de\/#organization"},"potentialAction":[{"@type":"SearchAction","target":{"@type":"EntryPoint","urlTemplate":"https:\/\/www.hennart-fr.com\/de\/?s={search_term_string}"},"query-input":{"@type":"PropertyValueSpecification","valueRequired":true,"valueName":"search_term_string"}}],"inLanguage":"de"},{"@type":"Organization","@id":"https:\/\/www.hennart-fr.com\/de\/#organization","name":"Hennart","url":"https:\/\/www.hennart-fr.com\/de\/","logo":{"@type":"ImageObject","inLanguage":"de","@id":"https:\/\/www.hennart-fr.com\/de\/#\/schema\/logo\/image\/","url":"https:\/\/www.hennart-fr.com\/wp-content\/uploads\/2024\/04\/logo-hennart.png","contentUrl":"https:\/\/www.hennart-fr.com\/wp-content\/uploads\/2024\/04\/logo-hennart.png","width":600,"height":404,"caption":"Hennart"},"image":{"@id":"https:\/\/www.hennart-fr.com\/de\/#\/schema\/logo\/image\/"}}]}},"_links":{"self":[{"href":"https:\/\/www.hennart-fr.com\/de\/wp-json\/wp\/v2\/pages\/119","targetHints":{"allow":["GET"]}}],"collection":[{"href":"https:\/\/www.hennart-fr.com\/de\/wp-json\/wp\/v2\/pages"}],"about":[{"href":"https:\/\/www.hennart-fr.com\/de\/wp-json\/wp\/v2\/types\/page"}],"author":[{"embeddable":true,"href":"https:\/\/www.hennart-fr.com\/de\/wp-json\/wp\/v2\/users\/1"}],"replies":[{"embeddable":true,"href":"https:\/\/www.hennart-fr.com\/de\/wp-json\/wp\/v2\/comments?post=119"}],"version-history":[{"count":1,"href":"https:\/\/www.hennart-fr.com\/de\/wp-json\/wp\/v2\/pages\/119\/revisions"}],"predecessor-version":[{"id":121,"href":"https:\/\/www.hennart-fr.com\/de\/wp-json\/wp\/v2\/pages\/119\/revisions\/121"}],"wp:attachment":[{"href":"https:\/\/www.hennart-fr.com\/de\/wp-json\/wp\/v2\/media?parent=119"}],"curies":[{"name":"wp","href":"https:\/\/api.w.org\/{rel}","templated":true}]}}